{"id":2074,"date":"2022-03-24T18:57:29","date_gmt":"2022-03-24T18:57:29","guid":{"rendered":"https:\/\/laburar.importante.com.ar\/?page_id=2074"},"modified":"2022-03-29T00:38:28","modified_gmt":"2022-03-29T00:38:28","slug":"bolsa-de-trabajo","status":"publish","type":"page","link":"https:\/\/laburar.importante.com.ar\/?page_id=2074","title":{"rendered":"BOLSA DE TRABAJO"},"content":{"rendered":"\t\t<div data-elementor-type=\"wp-page\" data-elementor-id=\"2074\" class=\"elementor elementor-2074\" data-elementor-settings=\"[]\">\n\t\t\t\t\t\t\t<div class=\"elementor-section-wrap\">\n\t\t\t\t\t\t\t<section class=\"penci-section penci-disSticky penci-structure-10 elementor-section elementor-top-section elementor-element elementor-element-99c3b89 elementor-section-boxed elementor-section-height-default elementor-section-height-default\" data-id=\"99c3b89\" data-element_type=\"section\">\n\t\t\t\t\t\t<div class=\"elementor-container elementor-column-gap-default\">\n\t\t\t\t\t<div class=\"penci-ercol-100 penci-ercol-order-1 penci-sticky-ct  elementor-column elementor-col-100 elementor-top-column elementor-element elementor-element-f82faa3\" data-id=\"f82faa3\" data-element_type=\"column\">\n\t\t\t<div class=\"elementor-widget-wrap elementor-element-populated\">\n\t\t\t\t\t\t\t\t<div class=\"elementor-element elementor-element-d081516 elementor-widget elementor-widget-penci-latest-posts\" data-id=\"d081516\" data-element_type=\"widget\" data-settings=\"{&quot;order_row_gap&quot;:{&quot;unit&quot;:&quot;px&quot;,&quot;size&quot;:&quot;&quot;,&quot;sizes&quot;:[]}}\" data-widget_type=\"penci-latest-posts.default\">\n\t\t\t\t<div class=\"elementor-widget-container\">\n\t\t\t\t\t\t\t<div id=\"pencilatest_posts_40359\" class=\"penci-latest-posts-sc penci-latest-posts-list penci-latest-posts-el penci-el-mixed-s1 penci-latest-posts-center penci-std-continue-center penci-std-excerpt-center penci-grid-excerpt-left\">\r\n\t\t\t\t\r\n\t\t\t\t<div class=\"penci-wrapper-posts-content\">\r\n\r\n\t\t\t\t\t\t\t\t\t\t\t<ul class=\"penci-wrapper-data penci-grid penci-shortcode-render\">\t\t\t\t\t\t\t\t\t\t\t\t\t\t\t\t<li class=\"list-post penci-item-listp\">\r\n\t<article id=\"post-2094\" class=\"item hentry\">\r\n\t\t\t\t\t<div class=\"thumbnail\">\r\n\t\t\t\t\r\n\t\t\t\t\t\t\t\t\t<a class=\"penci-image-holder penci-lazy\" data-src=\"https:\/\/laburar.importante.com.ar\/wp-content\/uploads\/2022\/03\/Laburantes-BOLSA-DE-TRABAJO-585x390.jpg\" href=\"https:\/\/laburar.importante.com.ar\/?p=2094\" title=\"Remis La Leona\">\r\n\t\t\t\t\t<\/a>\r\n\t\t\t\t\r\n\t\t\t\t\t\t\t\t\t\t\t\t\t\t\t\t\t\t\t\t\t\t\t\t\t\t\t\t\t\t\t<\/div>\r\n\t\t\r\n\t\t<div class=\"content-list-right content-list-center\">\r\n\t\t\t<div class=\"header-list-style\">\r\n\t\t\t\t\r\n\t\t\t\t<h2 class=\"penci-entry-title entry-title grid-title\"><a href=\"https:\/\/laburar.importante.com.ar\/?p=2094\">Remis La Leona<\/a><\/h2>\r\n\t\t\t\t\t\t<div class=\"penci-hide-tagupdated\">\r\n\t\t\t<span class=\"author-italic author vcard\">Por <a class=\"url fn n\" href=\"https:\/\/laburar.importante.com.ar\/?author=1\">de Freitas Joaqu\u00edn<\/a><\/span>\r\n\t\t\t<time class=\"entry-date published\" datetime=\"2022-03-28T15:25:38+00:00\">marzo 28, 2022<\/time>\t\t<\/div>\r\n\t\t\t\t\t\t\t\t\t\t\t<div class=\"grid-post-box-meta\">\r\n\t\t\t\t\t\t\t\t\t\t\t\t\t\t\t\t\t\t\t<span class=\"otherl-date\"><time class=\"entry-date published\" datetime=\"2022-03-28T15:25:38+00:00\">marzo 28, 2022<\/time><\/span>\r\n\t\t\t\t\t\t\t\t\t\t\t\t\t\t\t\t\t\t\t\t\t\t\t<\/div>\r\n\t\t\t\t\t\t\t<\/div>\r\n\r\n\t\t\t\t\t\t\t<div class=\"item-content entry-content\">\r\n\t\t\t\t\t<p>Remis La Leona Busca choferes , autos habilitados y operador@s si ten\u00e9s experiencia m\u00e1ndanos tu cv al n\u00famero de la agencia 3364214981.<\/p>\n\t\t\t\t<\/div>\r\n\t\t\t\r\n\t\t\t\t\t\t\r\n\t\t\t\t\t\t\t<div class=\"penci-post-box-meta penci-post-box-grid penci-post-box-listpost\">\r\n\t\t\t\t\t<div class=\"penci-post-share-box\">\r\n\t\t\t\t\t\t<a class=\"penci-post-like\" data-post_id=\"2094\" title=\"Like\" data-like=\"Like\" data-unlike=\"Unlike\"><i class=\"penci-faicon fa fa-heart-o\" ><\/i><span class=\"dt-share\">0<\/span><\/a>\t\t\t\t\t\t<a class=\"post-share-item post-share-facebook\" target=\"_blank\"  rel=\"nofollow\" href=\"https:\/\/www.facebook.com\/sharer\/sharer.php?u=https:\/\/laburar.importante.com.ar\/?p=2094\"><i class=\"penci-faicon fa fa-facebook\" ><\/i><span class=\"dt-share\">Facebook<\/span><\/a><a class=\"post-share-item post-share-twitter\" target=\"_blank\"  rel=\"nofollow\" href=\"https:\/\/twitter.com\/intent\/tweet?text=Check%20out%20this%20article:%20Remis%20La%20Leona%20-%20https:\/\/laburar.importante.com.ar\/?p=2094\"><i class=\"penci-faicon fa fa-twitter\" ><\/i><span class=\"dt-share\">Twitter<\/span><\/a>\t\t\t\t\t<\/div>\r\n\t\t\t\t<\/div>\r\n\t\t\t\t\t<\/div>\r\n\r\n\t<\/article>\r\n<\/li><li class=\"list-post penci-item-listp\">\r\n\t<article id=\"post-2090\" class=\"item hentry\">\r\n\t\t\t\t\t<div class=\"thumbnail\">\r\n\t\t\t\t\r\n\t\t\t\t\t\t\t\t\t<a class=\"penci-image-holder penci-lazy\" data-src=\"https:\/\/laburar.importante.com.ar\/wp-content\/uploads\/2022\/03\/Laburantes-BOLSA-DE-TRABAJO-585x390.jpg\" href=\"https:\/\/laburar.importante.com.ar\/?p=2090\" title=\"Empresa textil\">\r\n\t\t\t\t\t<\/a>\r\n\t\t\t\t\r\n\t\t\t\t\t\t\t\t\t\t\t\t\t\t\t\t\t\t\t\t\t\t\t\t\t\t\t\t\t\t\t<\/div>\r\n\t\t\r\n\t\t<div class=\"content-list-right content-list-center\">\r\n\t\t\t<div class=\"header-list-style\">\r\n\t\t\t\t\r\n\t\t\t\t<h2 class=\"penci-entry-title entry-title grid-title\"><a href=\"https:\/\/laburar.importante.com.ar\/?p=2090\">Empresa textil<\/a><\/h2>\r\n\t\t\t\t\t\t<div class=\"penci-hide-tagupdated\">\r\n\t\t\t<span class=\"author-italic author vcard\">Por <a class=\"url fn n\" href=\"https:\/\/laburar.importante.com.ar\/?author=1\">de Freitas Joaqu\u00edn<\/a><\/span>\r\n\t\t\t<time class=\"entry-date published\" datetime=\"2022-03-28T15:20:45+00:00\">marzo 28, 2022<\/time>\t\t<\/div>\r\n\t\t\t\t\t\t\t\t\t\t\t<div class=\"grid-post-box-meta\">\r\n\t\t\t\t\t\t\t\t\t\t\t\t\t\t\t\t\t\t\t<span class=\"otherl-date\"><time class=\"entry-date published\" datetime=\"2022-03-28T15:20:45+00:00\">marzo 28, 2022<\/time><\/span>\r\n\t\t\t\t\t\t\t\t\t\t\t\t\t\t\t\t\t\t\t\t\t\t\t<\/div>\r\n\t\t\t\t\t\t\t<\/div>\r\n\r\n\t\t\t\t\t\t\t<div class=\"item-content entry-content\">\r\n\t\t\t\t\t<p>Fabrica textil busca: Personal con conocimiento en manejo de maquina de coser industrial, recta, overloock, collareta. Se ofrece pago quincenal y estabilidad laboral. Enviar cirriculum a zulukayaks@gmail.com<\/p>\n\t\t\t\t<\/div>\r\n\t\t\t\r\n\t\t\t\t\t\t\r\n\t\t\t\t\t\t\t<div class=\"penci-post-box-meta penci-post-box-grid penci-post-box-listpost\">\r\n\t\t\t\t\t<div class=\"penci-post-share-box\">\r\n\t\t\t\t\t\t<a class=\"penci-post-like\" data-post_id=\"2090\" title=\"Like\" data-like=\"Like\" data-unlike=\"Unlike\"><i class=\"penci-faicon fa fa-heart-o\" ><\/i><span class=\"dt-share\">0<\/span><\/a>\t\t\t\t\t\t<a class=\"post-share-item post-share-facebook\" target=\"_blank\"  rel=\"nofollow\" href=\"https:\/\/www.facebook.com\/sharer\/sharer.php?u=https:\/\/laburar.importante.com.ar\/?p=2090\"><i class=\"penci-faicon fa fa-facebook\" ><\/i><span class=\"dt-share\">Facebook<\/span><\/a><a class=\"post-share-item post-share-twitter\" target=\"_blank\"  rel=\"nofollow\" href=\"https:\/\/twitter.com\/intent\/tweet?text=Check%20out%20this%20article:%20Empresa%20textil%20-%20https:\/\/laburar.importante.com.ar\/?p=2090\"><i class=\"penci-faicon fa fa-twitter\" ><\/i><span class=\"dt-share\">Twitter<\/span><\/a>\t\t\t\t\t<\/div>\r\n\t\t\t\t<\/div>\r\n\t\t\t\t\t<\/div>\r\n\r\n\t<\/article>\r\n<\/li>\r\n\t\t\t\t\t\t\t\t\t\t\t\t\t\t\t\t\t\t\t\t\t\t<\/ul>\r\n\r\n\t\t\t\t\t\t\t\t\t\t\t<div class=\"penci-pagination penci-ajax-more penci-ajax-home penci-ajax-more-scroll\">\r\n\t\t\t\t\t\t\t<a class=\"penci-ajax-more-button\" data-blockuid=\"pencilatest_posts_40359\" data-query=\"{&quot;orderby&quot;:&quot;date&quot;,&quot;order&quot;:&quot;desc&quot;,&quot;ignore_sticky_posts&quot;:1,&quot;post_status&quot;:&quot;publish&quot;,&quot;post_type&quot;:&quot;post&quot;,&quot;posts_per_page&quot;:10,&quot;tax_query&quot;:[{&quot;taxonomy&quot;:&quot;category&quot;,&quot;field&quot;:&quot;term_id&quot;,&quot;terms&quot;:[&quot;169&quot;]}],&quot;post__not_in&quot;:[],&quot;paged&quot;:1}\" data-mes=\"Lo sentimos, No hay mas Entradas\"  data-layout=\"list\" data-number=\"6\" data-offset=\"10\" data-exclude=\"\" data-from=\"vc\" data-come_from=\"vc-elementor\" data-template=\"sidebar\" data-mixed=\"s1\">\r\n\t\t\t\t\t\t\t\t<span class=\"ajax-more-text\">Cargar mas entradas<\/span><span class=\"ajaxdot\"><\/span><i class=\"penci-faicon fa fa-refresh\" ><\/i>\t\t\t\t\t\t\t<\/a>\r\n\t\t\t\t\t\t<\/div>\r\n\t\t\t\t\t\t<script>if( typeof(penciBlock) === \"undefined\" ) {function penciBlock() { this.atts_json = ''; this.content = ''; }}var penciBlocksArray = penciBlocksArray || [];var PENCILOCALCACHE = PENCILOCALCACHE || {};var pencilatest_posts_40359 = new penciBlock();pencilatest_posts_40359.blockID=\"pencilatest_posts_40359\";pencilatest_posts_40359.atts_json = '{\"style\":\"list\",\"heading\":\"Heading Title\",\"heading_title_style\":\"style-1\",\"heading_title_link\":\"\",\"heading_title_align\":\"\",\"hide_block_heading\":\"yes\",\"number\":\"10\",\"paging\":\"scroll\",\"morenum\":6,\"exclude\":\"\",\"build_query\":\"\",\"elementor_query\":{\"orderby\":\"date\",\"order\":\"desc\",\"ignore_sticky_posts\":1,\"post_status\":\"publish\",\"post_type\":\"post\",\"posts_per_page\":10,\"tax_query\":[{\"taxonomy\":\"category\",\"field\":\"term_id\",\"terms\":[\"169\"]}],\"post__not_in\":[]},\"wpblock\":\"\",\"penci_mixed_style\":\"s1\",\"post_alignment\":\"center\",\"block_title_color\":\"\",\"block_title_hcolor\":\"\",\"btitle_bcolor\":\"\",\"btitle_outer_bcolor\":\"\",\"btitle_style5_bcolor\":\"\",\"btitle_style78_bcolor\":\"\",\"btitle_bgcolor\":\"\",\"btitle_outer_bgcolor\":\"\",\"btitle_style9_bgimg\":\"\",\"use_btitle_typo\":\"\",\"btitle_typo\":\"\",\"btitle_fsize\":\"\",\"block_title_offupper\":\"\",\"block_title_marginbt\":\"\",\"btitle_shapes_color\":\"\",\"pborder_color\":\"\",\"ptitle_color\":\"\",\"ptitle_hcolor\":\"\",\"use_ptitle_typo\":\"\",\"ptitle_typo\":\"\",\"ptitle_fsize\":\"\",\"pmeta_color\":\"\",\"pmeta_hcolor\":\"\",\"pauthor_color\":\"\",\"pmeta_border_color\":\"\",\"use_pmeta_typo\":\"\",\"pmeta_fsize\":\"\",\"pmeta_typo\":\"\",\"pexcrept_color\":\"\",\"use_pexcrept_typo\":\"\",\"pexcrept_fsize\":\"\",\"pexcrept_typo\":\"\",\"pcat_color\":\"\",\"pcat_hcolor\":\"\",\"use_pcat_typo\":\"\",\"pcat_fsize\":\"\",\"pcat_typo\":\"\",\"prmore_color\":\"\",\"prmore_hcolor\":\"\",\"use_prmore_typo\":\"\",\"prmore_fsize\":\"\",\"prmore_typo\":\"\",\"pag_icon_fsize\":\"\",\"pshare_color\":\"\",\"pshare_hcolor\":\"\",\"pshare_border_color\":\"\",\"pagination_icon\":\"\",\"pagination_size\":\"\",\"pagination_color\":\"\",\"pagination_bordercolor\":\"\",\"pagination_bgcolor\":\"\",\"pagination_hcolor\":\"\",\"pagination_hbordercolor\":\"\",\"pagination_hbgcolor\":\"\",\"standard_meta_overlay\":\"\",\"standard_thumbnail\":\"\",\"std_dis_at_gallery\":\"\",\"standard_thumb_crop\":\"\",\"standard_share_box\":\"\",\"standard_cat\":\"yes\",\"standard_author\":\"yes\",\"standard_date\":\"\",\"standard_comment\":\"yes\",\"standard_viewscount\":\"\",\"standard_remove_line\":\"\",\"standard_auto_excerpt\":\"\",\"standard_effect_button\":\"\",\"std_continue_btn\":\"\",\"grid_icon_format\":\"\",\"grid_meta_overlay\":\"\",\"grid_uppercase_cat\":\"\",\"grid_lightbox_video\":\"\",\"grid_nocrop_list\":\"\",\"grid_share_box\":\"\",\"grid_cat\":\"yes\",\"grid_author\":\"yes\",\"grid_date\":\"\",\"grid_comment\":\"\",\"grid_comment_other\":\"\",\"grid_viewscount\":\"\",\"grid_remove_line\":\"\",\"grid_remove_excerpt\":\"\",\"grid_add_readmore\":\"\",\"grid_remove_arrow\":\"\",\"grid_readmore_button\":\"\",\"grid_readmore_align\":\"left\",\"grid_excerpt_length\":\"\",\"standard_excerpt_length\":\"\",\"std_continue_align\":\"center\",\"std_excerpt_align\":\"center\",\"grid_excerpt_align\":\"left\",\"order_columns\":\"\",\"order_columns_tablet\":null,\"order_columns_mobile\":null,\"order_column_gap\":{\"unit\":\"px\",\"size\":\"\",\"sizes\":[]},\"order_row_gap\":{\"unit\":\"px\",\"size\":\"\",\"sizes\":[]},\"bptitle_color\":\"\",\"bptitle_hcolor\":\"\",\"bptitle_fsize\":\"\",\"bpmeta_color\":\"\",\"bpmeta_hcolor\":\"\",\"bpauthor_color\":\"\",\"bpmeta_border_color\":\"\",\"bpmeta_fsize\":\"\",\"bpcat_color\":\"\",\"bpcat_hcolor\":\"\",\"bpcat_fsize\":\"\",\"bpexcerpt_size\":\"\",\"bsocialshare_size\":\"\",\"standard_title_length\":\"\",\"grid_title_length\":\"\",\"penci_featimg_size\":\"\",\"penci_featimg_ratio\":{\"unit\":\"px\",\"size\":0.66,\"sizes\":[]},\"thumb_size\":\"\",\"thumb_bigsize\":\"\",\"category_ids\":\"\",\"taxonomy\":\"\"}';penciBlocksArray.push(pencilatest_posts_40359);<\/script>\t\t\t\t\t\t\t\t\t<\/div>\r\n\t\t\t\t<\/div>\r\n\t\t\t\t\t\t\t\t<style>\r\n\t\t\t\t\t\t\t\t\t\t\t\t\t\t\t\t\t\t\t\t<\/style>\r\n\t\t\t\t\t<\/div>\n\t\t\t\t<\/div>\n\t\t\t\t\t<\/div>\n\t\t<\/div>\n\t\t\t\t\t\t\t<\/div>\n\t\t<\/section>\n\t\t\t\t\t\t<\/div>\n\t\t\t\t\t<\/div>\n\t\t","protected":false},"excerpt":{"rendered":"<p>Remis La Leona Por de Freitas Joaqu\u00edn marzo 28, 2022 marzo 28, 2022 Remis La Leona Busca choferes , autos habilitados y&hellip;<\/p>\n","protected":false},"author":1,"featured_media":0,"parent":0,"menu_order":0,"comment_status":"closed","ping_status":"closed","template":"","meta":{"footnotes":""},"class_list":["post-2074","page","type-page","status-publish","hentry"],"_links":{"self":[{"href":"https:\/\/laburar.importante.com.ar\/index.php?rest_route=\/wp\/v2\/pages\/2074","targetHints":{"allow":["GET"]}}],"collection":[{"href":"https:\/\/laburar.importante.com.ar\/index.php?rest_route=\/wp\/v2\/pages"}],"about":[{"href":"https:\/\/laburar.importante.com.ar\/index.php?rest_route=\/wp\/v2\/types\/page"}],"author":[{"embeddable":true,"href":"https:\/\/laburar.importante.com.ar\/index.php?rest_route=\/wp\/v2\/users\/1"}],"replies":[{"embeddable":true,"href":"https:\/\/laburar.importante.com.ar\/index.php?rest_route=%2Fwp%2Fv2%2Fcomments&post=2074"}],"version-history":[{"count":12,"href":"https:\/\/laburar.importante.com.ar\/index.php?rest_route=\/wp\/v2\/pages\/2074\/revisions"}],"predecessor-version":[{"id":2130,"href":"https:\/\/laburar.importante.com.ar\/index.php?rest_route=\/wp\/v2\/pages\/2074\/revisions\/2130"}],"wp:attachment":[{"href":"https:\/\/laburar.importante.com.ar\/index.php?rest_route=%2Fwp%2Fv2%2Fmedia&parent=2074"}],"curies":[{"name":"wp","href":"https:\/\/api.w.org\/{rel}","templated":true}]}}